{"id":2575,"date":"2021-12-29T10:23:19","date_gmt":"2021-12-29T16:23:19","guid":{"rendered":"https:\/\/laespigadeyalalag.com\/index.php\/product\/blusa-de-telar-bicolor-fiusha-menta-con-rapacejo-completo\/"},"modified":"2023-08-07T17:42:00","modified_gmt":"2023-08-07T23:42:00","slug":"blusa-de-telar-bicolor-fiusha-menta-con-rapacejo-completo","status":"publish","type":"product","link":"https:\/\/laespigadeyalalag.com\/index.php\/product\/blusa-de-telar-bicolor-fiusha-menta-con-rapacejo-completo\/","title":{"rendered":"Blusa de telar, bicolor (fiusha\/menta) con rapacejo completo"},"content":{"rendered":"<p>Otra de las piezas de ardua elaboraci\u00f3n, es esta blusa hecha con la t\u00e9cnica de telar de cintura de los hombros a la l\u00ednea de sisa, posteriormente cuenta con terminado de rapacejo (punta de rebozo) hasta el final del largo de la prenda.<\/p>\n","protected":false},"excerpt":{"rendered":"<p>LARGO: 64 CM, CONTORNO DE BUSTO 92 CM<\/p>\n","protected":false},"featured_media":1344,"comment_status":"open","ping_status":"closed","template":"","meta":[],"product_cat":[135,214],"product_tag":[],"class_list":["post-2575","product","type-product","status-publish","has-post-thumbnail","hentry","product_cat-blusas","product_cat-piezas-unicas"],"yoast_head":"<!-- This site is optimized with the Yoast SEO plugin v18.8 - https:\/\/yoast.com\/wordpress\/plugins\/seo\/ -->\n<title>Blusa de telar, bicolor (fiusha\/menta) con rapacejo completo - La Espiga de Yal\u00e1lag<\/title>\n<meta name=\"robots\" content=\"index, follow, max-snippet:-1, max-image-preview:large, max-video-preview:-1\" \/>\n<link rel=\"canonical\" href=\"https:\/\/laespigadeyalalag.com\/index.php\/product\/blusa-de-telar-bicolor-fiusha-menta-con-rapacejo-completo\/\" \/>\n<meta property=\"og:locale\" content=\"es_MX\" \/>\n<meta property=\"og:type\" content=\"article\" \/>\n<meta property=\"og:title\" content=\"Blusa de telar, bicolor (fiusha\/menta) con rapacejo completo - La Espiga de Yal\u00e1lag\" \/>\n<meta property=\"og:description\" content=\"LARGO: 64 CM, CONTORNO DE BUSTO 92 CM\" \/>\n<meta property=\"og:url\" content=\"https:\/\/laespigadeyalalag.com\/index.php\/product\/blusa-de-telar-bicolor-fiusha-menta-con-rapacejo-completo\/\" \/>\n<meta property=\"og:site_name\" content=\"La Espiga de Yal\u00e1lag\" \/>\n<meta property=\"article:modified_time\" content=\"2023-08-07T23:42:00+00:00\" \/>\n<meta property=\"og:image\" content=\"https:\/\/laespigadeyalalag.com\/wp-content\/uploads\/2021\/11\/Blusa-fucsia-menta-3.png\" \/>\n\t<meta property=\"og:image:width\" content=\"810\" \/>\n\t<meta property=\"og:image:height\" content=\"810\" \/>\n\t<meta property=\"og:image:type\" content=\"image\/png\" \/>\n<meta name=\"twitter:card\" content=\"summary_large_image\" \/>\n<meta name=\"twitter:label1\" content=\"Tiempo de lectura\" \/>\n\t<meta name=\"twitter:data1\" content=\"1 minuto\" \/>\n<script type=\"application\/ld+json\" class=\"yoast-schema-graph\">{\"@context\":\"https:\/\/schema.org\",\"@graph\":[{\"@type\":\"WebSite\",\"@id\":\"https:\/\/laespigadeyalalag.com\/#website\",\"url\":\"https:\/\/laespigadeyalalag.com\/\",\"name\":\"La Espiga de Yal\u00e1lag\",\"description\":\"Tradiciones Bordadas a Mano\",\"potentialAction\":[{\"@type\":\"SearchAction\",\"target\":{\"@type\":\"EntryPoint\",\"urlTemplate\":\"https:\/\/laespigadeyalalag.com\/?s={search_term_string}\"},\"query-input\":\"required name=search_term_string\"}],\"inLanguage\":\"es\"},{\"@type\":\"ImageObject\",\"inLanguage\":\"es\",\"@id\":\"https:\/\/laespigadeyalalag.com\/index.php\/product\/blusa-de-telar-bicolor-fiusha-menta-con-rapacejo-completo\/#primaryimage\",\"url\":\"https:\/\/laespigadeyalalag.com\/wp-content\/uploads\/2021\/11\/Blusa-fucsia-menta-3.png\",\"contentUrl\":\"https:\/\/laespigadeyalalag.com\/wp-content\/uploads\/2021\/11\/Blusa-fucsia-menta-3.png\",\"width\":810,\"height\":810},{\"@type\":\"WebPage\",\"@id\":\"https:\/\/laespigadeyalalag.com\/index.php\/product\/blusa-de-telar-bicolor-fiusha-menta-con-rapacejo-completo\/#webpage\",\"url\":\"https:\/\/laespigadeyalalag.com\/index.php\/product\/blusa-de-telar-bicolor-fiusha-menta-con-rapacejo-completo\/\",\"name\":\"Blusa de telar, bicolor (fiusha\/menta) con rapacejo completo - La Espiga de Yal\u00e1lag\",\"isPartOf\":{\"@id\":\"https:\/\/laespigadeyalalag.com\/#website\"},\"primaryImageOfPage\":{\"@id\":\"https:\/\/laespigadeyalalag.com\/index.php\/product\/blusa-de-telar-bicolor-fiusha-menta-con-rapacejo-completo\/#primaryimage\"},\"datePublished\":\"2021-12-29T16:23:19+00:00\",\"dateModified\":\"2023-08-07T23:42:00+00:00\",\"breadcrumb\":{\"@id\":\"https:\/\/laespigadeyalalag.com\/index.php\/product\/blusa-de-telar-bicolor-fiusha-menta-con-rapacejo-completo\/#breadcrumb\"},\"inLanguage\":\"es\",\"potentialAction\":[{\"@type\":\"ReadAction\",\"target\":[\"https:\/\/laespigadeyalalag.com\/index.php\/product\/blusa-de-telar-bicolor-fiusha-menta-con-rapacejo-completo\/\"]}]},{\"@type\":\"BreadcrumbList\",\"@id\":\"https:\/\/laespigadeyalalag.com\/index.php\/product\/blusa-de-telar-bicolor-fiusha-menta-con-rapacejo-completo\/#breadcrumb\",\"itemListElement\":[{\"@type\":\"ListItem\",\"position\":1,\"name\":\"Inicio\",\"item\":\"https:\/\/laespigadeyalalag.com\/\"},{\"@type\":\"ListItem\",\"position\":2,\"name\":\"Tienda\",\"item\":\"https:\/\/laespigadeyalalag.com\/index.php\/tienda\/\"},{\"@type\":\"ListItem\",\"position\":3,\"name\":\"Blusa de telar, bicolor (fiusha\/menta) con rapacejo completo\"}]}]}<\/script>\n<!-- \/ Yoast SEO plugin. -->","yoast_head_json":{"title":"Blusa de telar, bicolor (fiusha\/menta) con rapacejo completo - La Espiga de Yal\u00e1lag","robots":{"index":"index","follow":"follow","max-snippet":"max-snippet:-1","max-image-preview":"max-image-preview:large","max-video-preview":"max-video-preview:-1"},"canonical":"https:\/\/laespigadeyalalag.com\/index.php\/product\/blusa-de-telar-bicolor-fiusha-menta-con-rapacejo-completo\/","og_locale":"es_MX","og_type":"article","og_title":"Blusa de telar, bicolor (fiusha\/menta) con rapacejo completo - La Espiga de Yal\u00e1lag","og_description":"LARGO: 64 CM, CONTORNO DE BUSTO 92 CM","og_url":"https:\/\/laespigadeyalalag.com\/index.php\/product\/blusa-de-telar-bicolor-fiusha-menta-con-rapacejo-completo\/","og_site_name":"La Espiga de Yal\u00e1lag","article_modified_time":"2023-08-07T23:42:00+00:00","og_image":[{"width":810,"height":810,"url":"https:\/\/laespigadeyalalag.com\/wp-content\/uploads\/2021\/11\/Blusa-fucsia-menta-3.png","type":"image\/png"}],"twitter_card":"summary_large_image","twitter_misc":{"Tiempo de lectura":"1 minuto"},"schema":{"@context":"https:\/\/schema.org","@graph":[{"@type":"WebSite","@id":"https:\/\/laespigadeyalalag.com\/#website","url":"https:\/\/laespigadeyalalag.com\/","name":"La Espiga de Yal\u00e1lag","description":"Tradiciones Bordadas a Mano","potentialAction":[{"@type":"SearchAction","target":{"@type":"EntryPoint","urlTemplate":"https:\/\/laespigadeyalalag.com\/?s={search_term_string}"},"query-input":"required name=search_term_string"}],"inLanguage":"es"},{"@type":"ImageObject","inLanguage":"es","@id":"https:\/\/laespigadeyalalag.com\/index.php\/product\/blusa-de-telar-bicolor-fiusha-menta-con-rapacejo-completo\/#primaryimage","url":"https:\/\/laespigadeyalalag.com\/wp-content\/uploads\/2021\/11\/Blusa-fucsia-menta-3.png","contentUrl":"https:\/\/laespigadeyalalag.com\/wp-content\/uploads\/2021\/11\/Blusa-fucsia-menta-3.png","width":810,"height":810},{"@type":"WebPage","@id":"https:\/\/laespigadeyalalag.com\/index.php\/product\/blusa-de-telar-bicolor-fiusha-menta-con-rapacejo-completo\/#webpage","url":"https:\/\/laespigadeyalalag.com\/index.php\/product\/blusa-de-telar-bicolor-fiusha-menta-con-rapacejo-completo\/","name":"Blusa de telar, bicolor (fiusha\/menta) con rapacejo completo - La Espiga de Yal\u00e1lag","isPartOf":{"@id":"https:\/\/laespigadeyalalag.com\/#website"},"primaryImageOfPage":{"@id":"https:\/\/laespigadeyalalag.com\/index.php\/product\/blusa-de-telar-bicolor-fiusha-menta-con-rapacejo-completo\/#primaryimage"},"datePublished":"2021-12-29T16:23:19+00:00","dateModified":"2023-08-07T23:42:00+00:00","breadcrumb":{"@id":"https:\/\/laespigadeyalalag.com\/index.php\/product\/blusa-de-telar-bicolor-fiusha-menta-con-rapacejo-completo\/#breadcrumb"},"inLanguage":"es","potentialAction":[{"@type":"ReadAction","target":["https:\/\/laespigadeyalalag.com\/index.php\/product\/blusa-de-telar-bicolor-fiusha-menta-con-rapacejo-completo\/"]}]},{"@type":"BreadcrumbList","@id":"https:\/\/laespigadeyalalag.com\/index.php\/product\/blusa-de-telar-bicolor-fiusha-menta-con-rapacejo-completo\/#breadcrumb","itemListElement":[{"@type":"ListItem","position":1,"name":"Inicio","item":"https:\/\/laespigadeyalalag.com\/"},{"@type":"ListItem","position":2,"name":"Tienda","item":"https:\/\/laespigadeyalalag.com\/index.php\/tienda\/"},{"@type":"ListItem","position":3,"name":"Blusa de telar, bicolor (fiusha\/menta) con rapacejo completo"}]}]}},"_links":{"self":[{"href":"https:\/\/laespigadeyalalag.com\/index.php\/wp-json\/wp\/v2\/product\/2575","targetHints":{"allow":["GET"]}}],"collection":[{"href":"https:\/\/laespigadeyalalag.com\/index.php\/wp-json\/wp\/v2\/product"}],"about":[{"href":"https:\/\/laespigadeyalalag.com\/index.php\/wp-json\/wp\/v2\/types\/product"}],"replies":[{"embeddable":true,"href":"https:\/\/laespigadeyalalag.com\/index.php\/wp-json\/wp\/v2\/comments?post=2575"}],"wp:featuredmedia":[{"embeddable":true,"href":"https:\/\/laespigadeyalalag.com\/index.php\/wp-json\/wp\/v2\/media\/1344"}],"wp:attachment":[{"href":"https:\/\/laespigadeyalalag.com\/index.php\/wp-json\/wp\/v2\/media?parent=2575"}],"wp:term":[{"taxonomy":"product_cat","embeddable":true,"href":"https:\/\/laespigadeyalalag.com\/index.php\/wp-json\/wp\/v2\/product_cat?post=2575"},{"taxonomy":"product_tag","embeddable":true,"href":"https:\/\/laespigadeyalalag.com\/index.php\/wp-json\/wp\/v2\/product_tag?post=2575"}],"curies":[{"name":"wp","href":"https:\/\/api.w.org\/{rel}","templated":true}]}}