{"id":2572,"date":"2021-12-29T10:23:17","date_gmt":"2021-12-29T16:23:17","guid":{"rendered":"https:\/\/laespigadeyalalag.com\/index.php\/product\/ombliguera-rombo-azul-mezclilla-bordada-con-corazones-con-hilo-de-algodn-amarillo-matizado\/"},"modified":"2024-06-19T17:17:11","modified_gmt":"2024-06-19T23:17:11","slug":"ombliguera-rombo-azul-mezclilla-bordada-con-corazones-con-hilo-de-algodn-amarillo-matizado","status":"publish","type":"product","link":"https:\/\/laespigadeyalalag.com\/index.php\/product\/ombliguera-rombo-azul-mezclilla-bordada-con-corazones-con-hilo-de-algodn-amarillo-matizado\/","title":{"rendered":"Ombliguera rombo azul mezclilla, bordada con corazones, con hilo de algod\u00f3n amarillo matizado"},"content":{"rendered":"<p>La ombliguera de la l\u00ednea Cub es una prenda casual de elaboraci\u00f3n artesanal con aplicaci\u00f3n de rombos hechos manualmente sobre lienzos base, es una pieza de la comunidad Betaze\u00f1a intervenida con bordado de aguja de mano e hilos de seda o algod\u00f3n de tem\u00e1tica art\u00edstica (corazones) en delantero y espalda; esta particular prenda de especial creaci\u00f3n por &#8220;La espiga de Yal\u00e1lag&#8221; y pensada para personas de talla peque\u00f1a, esta confeccionada con un corte tradicional recto y elaborada con tela de manta 100% algod\u00f3n.<\/p>\n","protected":false},"excerpt":{"rendered":"<p>Largo: 52 cm contorno de busto 104 cm<\/p>\n","protected":false},"featured_media":3531,"comment_status":"open","ping_status":"closed","template":"","meta":[],"product_cat":[212,135],"product_tag":[],"class_list":["post-2572","product","type-product","status-publish","has-post-thumbnail","hentry","product_cat-ombligueras","product_cat-blusas"],"yoast_head":"<!-- This site is optimized with the Yoast SEO plugin v18.8 - https:\/\/yoast.com\/wordpress\/plugins\/seo\/ -->\n<title>Ombliguera rombo azul mezclilla, bordada con corazones, con hilo de algod\u00f3n amarillo matizado - La Espiga de Yal\u00e1lag<\/title>\n<meta name=\"robots\" content=\"index, follow, max-snippet:-1, max-image-preview:large, max-video-preview:-1\" \/>\n<link rel=\"canonical\" href=\"https:\/\/laespigadeyalalag.com\/index.php\/product\/ombliguera-rombo-azul-mezclilla-bordada-con-corazones-con-hilo-de-algodn-amarillo-matizado\/\" \/>\n<meta property=\"og:locale\" content=\"es_MX\" \/>\n<meta property=\"og:type\" content=\"article\" \/>\n<meta property=\"og:title\" content=\"Ombliguera rombo azul mezclilla, bordada con corazones, con hilo de algod\u00f3n amarillo matizado - La Espiga de Yal\u00e1lag\" \/>\n<meta property=\"og:description\" content=\"Largo: 52 cm contorno de busto 104 cm\" \/>\n<meta property=\"og:url\" content=\"https:\/\/laespigadeyalalag.com\/index.php\/product\/ombliguera-rombo-azul-mezclilla-bordada-con-corazones-con-hilo-de-algodn-amarillo-matizado\/\" \/>\n<meta property=\"og:site_name\" content=\"La Espiga de Yal\u00e1lag\" \/>\n<meta property=\"article:modified_time\" content=\"2024-06-19T23:17:11+00:00\" \/>\n<meta property=\"og:image\" content=\"https:\/\/laespigadeyalalag.com\/wp-content\/uploads\/2021\/12\/IMG_0764-1-scaled.jpg\" \/>\n\t<meta property=\"og:image:width\" content=\"2328\" \/>\n\t<meta property=\"og:image:height\" content=\"2560\" \/>\n\t<meta property=\"og:image:type\" content=\"image\/jpeg\" \/>\n<meta name=\"twitter:card\" content=\"summary_large_image\" \/>\n<meta name=\"twitter:label1\" content=\"Tiempo de lectura\" \/>\n\t<meta name=\"twitter:data1\" content=\"1 minuto\" \/>\n<script type=\"application\/ld+json\" class=\"yoast-schema-graph\">{\"@context\":\"https:\/\/schema.org\",\"@graph\":[{\"@type\":\"WebSite\",\"@id\":\"https:\/\/laespigadeyalalag.com\/#website\",\"url\":\"https:\/\/laespigadeyalalag.com\/\",\"name\":\"La Espiga de Yal\u00e1lag\",\"description\":\"Tradiciones Bordadas a Mano\",\"potentialAction\":[{\"@type\":\"SearchAction\",\"target\":{\"@type\":\"EntryPoint\",\"urlTemplate\":\"https:\/\/laespigadeyalalag.com\/?s={search_term_string}\"},\"query-input\":\"required name=search_term_string\"}],\"inLanguage\":\"es\"},{\"@type\":\"ImageObject\",\"inLanguage\":\"es\",\"@id\":\"https:\/\/laespigadeyalalag.com\/index.php\/product\/ombliguera-rombo-azul-mezclilla-bordada-con-corazones-con-hilo-de-algodn-amarillo-matizado\/#primaryimage\",\"url\":\"https:\/\/laespigadeyalalag.com\/wp-content\/uploads\/2021\/12\/IMG_0764-1-scaled.jpg\",\"contentUrl\":\"https:\/\/laespigadeyalalag.com\/wp-content\/uploads\/2021\/12\/IMG_0764-1-scaled.jpg\",\"width\":2328,\"height\":2560},{\"@type\":\"WebPage\",\"@id\":\"https:\/\/laespigadeyalalag.com\/index.php\/product\/ombliguera-rombo-azul-mezclilla-bordada-con-corazones-con-hilo-de-algodn-amarillo-matizado\/#webpage\",\"url\":\"https:\/\/laespigadeyalalag.com\/index.php\/product\/ombliguera-rombo-azul-mezclilla-bordada-con-corazones-con-hilo-de-algodn-amarillo-matizado\/\",\"name\":\"Ombliguera rombo azul mezclilla, bordada con corazones, con hilo de algod\u00f3n amarillo matizado - La Espiga de Yal\u00e1lag\",\"isPartOf\":{\"@id\":\"https:\/\/laespigadeyalalag.com\/#website\"},\"primaryImageOfPage\":{\"@id\":\"https:\/\/laespigadeyalalag.com\/index.php\/product\/ombliguera-rombo-azul-mezclilla-bordada-con-corazones-con-hilo-de-algodn-amarillo-matizado\/#primaryimage\"},\"datePublished\":\"2021-12-29T16:23:17+00:00\",\"dateModified\":\"2024-06-19T23:17:11+00:00\",\"breadcrumb\":{\"@id\":\"https:\/\/laespigadeyalalag.com\/index.php\/product\/ombliguera-rombo-azul-mezclilla-bordada-con-corazones-con-hilo-de-algodn-amarillo-matizado\/#breadcrumb\"},\"inLanguage\":\"es\",\"potentialAction\":[{\"@type\":\"ReadAction\",\"target\":[\"https:\/\/laespigadeyalalag.com\/index.php\/product\/ombliguera-rombo-azul-mezclilla-bordada-con-corazones-con-hilo-de-algodn-amarillo-matizado\/\"]}]},{\"@type\":\"BreadcrumbList\",\"@id\":\"https:\/\/laespigadeyalalag.com\/index.php\/product\/ombliguera-rombo-azul-mezclilla-bordada-con-corazones-con-hilo-de-algodn-amarillo-matizado\/#breadcrumb\",\"itemListElement\":[{\"@type\":\"ListItem\",\"position\":1,\"name\":\"Inicio\",\"item\":\"https:\/\/laespigadeyalalag.com\/\"},{\"@type\":\"ListItem\",\"position\":2,\"name\":\"Tienda\",\"item\":\"https:\/\/laespigadeyalalag.com\/index.php\/tienda\/\"},{\"@type\":\"ListItem\",\"position\":3,\"name\":\"Ombliguera rombo azul mezclilla, bordada con corazones, con hilo de algod\u00f3n amarillo matizado\"}]}]}<\/script>\n<!-- \/ Yoast SEO plugin. -->","yoast_head_json":{"title":"Ombliguera rombo azul mezclilla, bordada con corazones, con hilo de algod\u00f3n amarillo matizado - La Espiga de Yal\u00e1lag","robots":{"index":"index","follow":"follow","max-snippet":"max-snippet:-1","max-image-preview":"max-image-preview:large","max-video-preview":"max-video-preview:-1"},"canonical":"https:\/\/laespigadeyalalag.com\/index.php\/product\/ombliguera-rombo-azul-mezclilla-bordada-con-corazones-con-hilo-de-algodn-amarillo-matizado\/","og_locale":"es_MX","og_type":"article","og_title":"Ombliguera rombo azul mezclilla, bordada con corazones, con hilo de algod\u00f3n amarillo matizado - La Espiga de Yal\u00e1lag","og_description":"Largo: 52 cm contorno de busto 104 cm","og_url":"https:\/\/laespigadeyalalag.com\/index.php\/product\/ombliguera-rombo-azul-mezclilla-bordada-con-corazones-con-hilo-de-algodn-amarillo-matizado\/","og_site_name":"La Espiga de Yal\u00e1lag","article_modified_time":"2024-06-19T23:17:11+00:00","og_image":[{"width":2328,"height":2560,"url":"https:\/\/laespigadeyalalag.com\/wp-content\/uploads\/2021\/12\/IMG_0764-1-scaled.jpg","type":"image\/jpeg"}],"twitter_card":"summary_large_image","twitter_misc":{"Tiempo de lectura":"1 minuto"},"schema":{"@context":"https:\/\/schema.org","@graph":[{"@type":"WebSite","@id":"https:\/\/laespigadeyalalag.com\/#website","url":"https:\/\/laespigadeyalalag.com\/","name":"La Espiga de Yal\u00e1lag","description":"Tradiciones Bordadas a Mano","potentialAction":[{"@type":"SearchAction","target":{"@type":"EntryPoint","urlTemplate":"https:\/\/laespigadeyalalag.com\/?s={search_term_string}"},"query-input":"required name=search_term_string"}],"inLanguage":"es"},{"@type":"ImageObject","inLanguage":"es","@id":"https:\/\/laespigadeyalalag.com\/index.php\/product\/ombliguera-rombo-azul-mezclilla-bordada-con-corazones-con-hilo-de-algodn-amarillo-matizado\/#primaryimage","url":"https:\/\/laespigadeyalalag.com\/wp-content\/uploads\/2021\/12\/IMG_0764-1-scaled.jpg","contentUrl":"https:\/\/laespigadeyalalag.com\/wp-content\/uploads\/2021\/12\/IMG_0764-1-scaled.jpg","width":2328,"height":2560},{"@type":"WebPage","@id":"https:\/\/laespigadeyalalag.com\/index.php\/product\/ombliguera-rombo-azul-mezclilla-bordada-con-corazones-con-hilo-de-algodn-amarillo-matizado\/#webpage","url":"https:\/\/laespigadeyalalag.com\/index.php\/product\/ombliguera-rombo-azul-mezclilla-bordada-con-corazones-con-hilo-de-algodn-amarillo-matizado\/","name":"Ombliguera rombo azul mezclilla, bordada con corazones, con hilo de algod\u00f3n amarillo matizado - La Espiga de Yal\u00e1lag","isPartOf":{"@id":"https:\/\/laespigadeyalalag.com\/#website"},"primaryImageOfPage":{"@id":"https:\/\/laespigadeyalalag.com\/index.php\/product\/ombliguera-rombo-azul-mezclilla-bordada-con-corazones-con-hilo-de-algodn-amarillo-matizado\/#primaryimage"},"datePublished":"2021-12-29T16:23:17+00:00","dateModified":"2024-06-19T23:17:11+00:00","breadcrumb":{"@id":"https:\/\/laespigadeyalalag.com\/index.php\/product\/ombliguera-rombo-azul-mezclilla-bordada-con-corazones-con-hilo-de-algodn-amarillo-matizado\/#breadcrumb"},"inLanguage":"es","potentialAction":[{"@type":"ReadAction","target":["https:\/\/laespigadeyalalag.com\/index.php\/product\/ombliguera-rombo-azul-mezclilla-bordada-con-corazones-con-hilo-de-algodn-amarillo-matizado\/"]}]},{"@type":"BreadcrumbList","@id":"https:\/\/laespigadeyalalag.com\/index.php\/product\/ombliguera-rombo-azul-mezclilla-bordada-con-corazones-con-hilo-de-algodn-amarillo-matizado\/#breadcrumb","itemListElement":[{"@type":"ListItem","position":1,"name":"Inicio","item":"https:\/\/laespigadeyalalag.com\/"},{"@type":"ListItem","position":2,"name":"Tienda","item":"https:\/\/laespigadeyalalag.com\/index.php\/tienda\/"},{"@type":"ListItem","position":3,"name":"Ombliguera rombo azul mezclilla, bordada con corazones, con hilo de algod\u00f3n amarillo matizado"}]}]}},"_links":{"self":[{"href":"https:\/\/laespigadeyalalag.com\/index.php\/wp-json\/wp\/v2\/product\/2572","targetHints":{"allow":["GET"]}}],"collection":[{"href":"https:\/\/laespigadeyalalag.com\/index.php\/wp-json\/wp\/v2\/product"}],"about":[{"href":"https:\/\/laespigadeyalalag.com\/index.php\/wp-json\/wp\/v2\/types\/product"}],"replies":[{"embeddable":true,"href":"https:\/\/laespigadeyalalag.com\/index.php\/wp-json\/wp\/v2\/comments?post=2572"}],"wp:featuredmedia":[{"embeddable":true,"href":"https:\/\/laespigadeyalalag.com\/index.php\/wp-json\/wp\/v2\/media\/3531"}],"wp:attachment":[{"href":"https:\/\/laespigadeyalalag.com\/index.php\/wp-json\/wp\/v2\/media?parent=2572"}],"wp:term":[{"taxonomy":"product_cat","embeddable":true,"href":"https:\/\/laespigadeyalalag.com\/index.php\/wp-json\/wp\/v2\/product_cat?post=2572"},{"taxonomy":"product_tag","embeddable":true,"href":"https:\/\/laespigadeyalalag.com\/index.php\/wp-json\/wp\/v2\/product_tag?post=2572"}],"curies":[{"name":"wp","href":"https:\/\/api.w.org\/{rel}","templated":true}]}}