{"id":2563,"date":"2021-12-29T10:23:16","date_gmt":"2021-12-29T16:23:16","guid":{"rendered":"https:\/\/laespigadeyalalag.com\/index.php\/product\/vestido-rombos-blanco-con-bolsos-y-bordado-floral-de-algodn-multicolor\/"},"modified":"2025-07-18T15:25:12","modified_gmt":"2025-07-18T21:25:12","slug":"vestido-rombos-blanco-con-bolsos-y-bordado-floral-de-algodn-multicolor","status":"publish","type":"product","link":"https:\/\/laespigadeyalalag.com\/index.php\/product\/vestido-rombos-blanco-con-bolsos-y-bordado-floral-de-algodn-multicolor\/","title":{"rendered":"Vestido rombos blanco con bolsos y bordado floral de algod\u00f3n multicolor"},"content":{"rendered":"<p>Nuestro vestido estilizado de la l\u00ednea Cub de elaboraci\u00f3n artesanal con aplicaci\u00f3n de rombos hechos manualmente sobre lienzos base, complementado con bordado floral, es una mezcla de dos pueblos de la cultura Zapoteca las cuales han expresado su armon\u00eda en esta prenda; de origen Betaze\u00f1o y con bordado Yalalteco, esta especial creaci\u00f3n fue dise\u00f1ada con un ajuste regular y dos bolsas laterales para brindar comodidad y movilidad, esta confeccionada con tela de manta 100% algod\u00f3n y bordada en delantero y espalda, con aguja de mano e hilos de algod\u00f3n o seda mercerizado.<\/p>\n<p><img loading=\"lazy\" decoding=\"async\" class=\"alignnone size-full wp-image-2266\" src=\"https:\/\/laespigadeyalalag.com\/wp-content\/uploads\/2021\/11\/tallas-vestido-rombo.png\" alt=\"\" width=\"1080\" height=\"1080\" srcset=\"https:\/\/laespigadeyalalag.com\/wp-content\/uploads\/2021\/11\/tallas-vestido-rombo.png 1080w, https:\/\/laespigadeyalalag.com\/wp-content\/uploads\/2021\/11\/tallas-vestido-rombo-300x300.png 300w, https:\/\/laespigadeyalalag.com\/wp-content\/uploads\/2021\/11\/tallas-vestido-rombo-1000x1000.png 1000w\" sizes=\"auto, (max-width: 1080px) 100vw, 1080px\" \/><\/p>\n","protected":false},"excerpt":{"rendered":"<p>Nuestro vestido estilizado de la l\u00ednea Cub de elaboraci\u00f3n artesanal con aplicaci\u00f3n de rombos hechos manualmente sobre lienzos base, complementado con bordado floral, es una mezcla<span class=\"excerpt-hellip\"> [\u2026]<\/span><\/p>\n","protected":false},"featured_media":3396,"comment_status":"open","ping_status":"closed","template":"","meta":[],"product_cat":[228,219,136],"product_tag":[],"class_list":["post-2563","product","type-product","status-publish","has-post-thumbnail","hentry","product_cat-faldas-y-vestidos","product_cat-vestido-de-rombos","product_cat-vestidos"],"yoast_head":"<!-- This site is optimized with the Yoast SEO plugin v18.8 - https:\/\/yoast.com\/wordpress\/plugins\/seo\/ -->\n<title>Vestido rombos blanco con bolsos y bordado floral de algod\u00f3n multicolor - La Espiga de Yal\u00e1lag<\/title>\n<meta name=\"robots\" content=\"index, follow, max-snippet:-1, max-image-preview:large, max-video-preview:-1\" \/>\n<link rel=\"canonical\" href=\"https:\/\/laespigadeyalalag.com\/index.php\/product\/vestido-rombos-blanco-con-bolsos-y-bordado-floral-de-algodn-multicolor\/\" \/>\n<meta property=\"og:locale\" content=\"es_MX\" \/>\n<meta property=\"og:type\" content=\"article\" \/>\n<meta property=\"og:title\" content=\"Vestido rombos blanco con bolsos y bordado floral de algod\u00f3n multicolor - La Espiga de Yal\u00e1lag\" \/>\n<meta property=\"og:description\" content=\"Nuestro vestido estilizado de la l\u00ednea Cub de elaboraci\u00f3n artesanal con aplicaci\u00f3n de rombos hechos manualmente sobre lienzos base, complementado con bordado floral, es una mezcla [\u2026]\" \/>\n<meta property=\"og:url\" content=\"https:\/\/laespigadeyalalag.com\/index.php\/product\/vestido-rombos-blanco-con-bolsos-y-bordado-floral-de-algodn-multicolor\/\" \/>\n<meta property=\"og:site_name\" content=\"La Espiga de Yal\u00e1lag\" \/>\n<meta property=\"article:modified_time\" content=\"2025-07-18T21:25:12+00:00\" \/>\n<meta property=\"og:image\" content=\"https:\/\/laespigadeyalalag.com\/wp-content\/uploads\/2021\/12\/VESTIDO-ROMBOS-BLANCO-CON-BOLSOS-MULTICOLOR.png\" \/>\n\t<meta property=\"og:image:width\" content=\"800\" \/>\n\t<meta property=\"og:image:height\" content=\"800\" \/>\n\t<meta property=\"og:image:type\" content=\"image\/png\" \/>\n<meta name=\"twitter:card\" content=\"summary_large_image\" \/>\n<meta name=\"twitter:label1\" content=\"Tiempo de lectura\" \/>\n\t<meta name=\"twitter:data1\" content=\"1 minuto\" \/>\n<script type=\"application\/ld+json\" class=\"yoast-schema-graph\">{\"@context\":\"https:\/\/schema.org\",\"@graph\":[{\"@type\":\"WebSite\",\"@id\":\"https:\/\/laespigadeyalalag.com\/#website\",\"url\":\"https:\/\/laespigadeyalalag.com\/\",\"name\":\"La Espiga de Yal\u00e1lag\",\"description\":\"Tradiciones Bordadas a Mano\",\"potentialAction\":[{\"@type\":\"SearchAction\",\"target\":{\"@type\":\"EntryPoint\",\"urlTemplate\":\"https:\/\/laespigadeyalalag.com\/?s={search_term_string}\"},\"query-input\":\"required name=search_term_string\"}],\"inLanguage\":\"es\"},{\"@type\":\"ImageObject\",\"inLanguage\":\"es\",\"@id\":\"https:\/\/laespigadeyalalag.com\/index.php\/product\/vestido-rombos-blanco-con-bolsos-y-bordado-floral-de-algodn-multicolor\/#primaryimage\",\"url\":\"https:\/\/laespigadeyalalag.com\/wp-content\/uploads\/2021\/12\/VESTIDO-ROMBOS-BLANCO-CON-BOLSOS-MULTICOLOR.png\",\"contentUrl\":\"https:\/\/laespigadeyalalag.com\/wp-content\/uploads\/2021\/12\/VESTIDO-ROMBOS-BLANCO-CON-BOLSOS-MULTICOLOR.png\",\"width\":800,\"height\":800},{\"@type\":\"WebPage\",\"@id\":\"https:\/\/laespigadeyalalag.com\/index.php\/product\/vestido-rombos-blanco-con-bolsos-y-bordado-floral-de-algodn-multicolor\/#webpage\",\"url\":\"https:\/\/laespigadeyalalag.com\/index.php\/product\/vestido-rombos-blanco-con-bolsos-y-bordado-floral-de-algodn-multicolor\/\",\"name\":\"Vestido rombos blanco con bolsos y bordado floral de algod\u00f3n multicolor - La Espiga de Yal\u00e1lag\",\"isPartOf\":{\"@id\":\"https:\/\/laespigadeyalalag.com\/#website\"},\"primaryImageOfPage\":{\"@id\":\"https:\/\/laespigadeyalalag.com\/index.php\/product\/vestido-rombos-blanco-con-bolsos-y-bordado-floral-de-algodn-multicolor\/#primaryimage\"},\"datePublished\":\"2021-12-29T16:23:16+00:00\",\"dateModified\":\"2025-07-18T21:25:12+00:00\",\"breadcrumb\":{\"@id\":\"https:\/\/laespigadeyalalag.com\/index.php\/product\/vestido-rombos-blanco-con-bolsos-y-bordado-floral-de-algodn-multicolor\/#breadcrumb\"},\"inLanguage\":\"es\",\"potentialAction\":[{\"@type\":\"ReadAction\",\"target\":[\"https:\/\/laespigadeyalalag.com\/index.php\/product\/vestido-rombos-blanco-con-bolsos-y-bordado-floral-de-algodn-multicolor\/\"]}]},{\"@type\":\"BreadcrumbList\",\"@id\":\"https:\/\/laespigadeyalalag.com\/index.php\/product\/vestido-rombos-blanco-con-bolsos-y-bordado-floral-de-algodn-multicolor\/#breadcrumb\",\"itemListElement\":[{\"@type\":\"ListItem\",\"position\":1,\"name\":\"Inicio\",\"item\":\"https:\/\/laespigadeyalalag.com\/\"},{\"@type\":\"ListItem\",\"position\":2,\"name\":\"Tienda\",\"item\":\"https:\/\/laespigadeyalalag.com\/index.php\/tienda\/\"},{\"@type\":\"ListItem\",\"position\":3,\"name\":\"Vestido rombos blanco con bolsos y bordado floral de algod\u00f3n multicolor\"}]}]}<\/script>\n<!-- \/ Yoast SEO plugin. -->","yoast_head_json":{"title":"Vestido rombos blanco con bolsos y bordado floral de algod\u00f3n multicolor - La Espiga de Yal\u00e1lag","robots":{"index":"index","follow":"follow","max-snippet":"max-snippet:-1","max-image-preview":"max-image-preview:large","max-video-preview":"max-video-preview:-1"},"canonical":"https:\/\/laespigadeyalalag.com\/index.php\/product\/vestido-rombos-blanco-con-bolsos-y-bordado-floral-de-algodn-multicolor\/","og_locale":"es_MX","og_type":"article","og_title":"Vestido rombos blanco con bolsos y bordado floral de algod\u00f3n multicolor - La Espiga de Yal\u00e1lag","og_description":"Nuestro vestido estilizado de la l\u00ednea Cub de elaboraci\u00f3n artesanal con aplicaci\u00f3n de rombos hechos manualmente sobre lienzos base, complementado con bordado floral, es una mezcla [\u2026]","og_url":"https:\/\/laespigadeyalalag.com\/index.php\/product\/vestido-rombos-blanco-con-bolsos-y-bordado-floral-de-algodn-multicolor\/","og_site_name":"La Espiga de Yal\u00e1lag","article_modified_time":"2025-07-18T21:25:12+00:00","og_image":[{"width":800,"height":800,"url":"https:\/\/laespigadeyalalag.com\/wp-content\/uploads\/2021\/12\/VESTIDO-ROMBOS-BLANCO-CON-BOLSOS-MULTICOLOR.png","type":"image\/png"}],"twitter_card":"summary_large_image","twitter_misc":{"Tiempo de lectura":"1 minuto"},"schema":{"@context":"https:\/\/schema.org","@graph":[{"@type":"WebSite","@id":"https:\/\/laespigadeyalalag.com\/#website","url":"https:\/\/laespigadeyalalag.com\/","name":"La Espiga de Yal\u00e1lag","description":"Tradiciones Bordadas a Mano","potentialAction":[{"@type":"SearchAction","target":{"@type":"EntryPoint","urlTemplate":"https:\/\/laespigadeyalalag.com\/?s={search_term_string}"},"query-input":"required name=search_term_string"}],"inLanguage":"es"},{"@type":"ImageObject","inLanguage":"es","@id":"https:\/\/laespigadeyalalag.com\/index.php\/product\/vestido-rombos-blanco-con-bolsos-y-bordado-floral-de-algodn-multicolor\/#primaryimage","url":"https:\/\/laespigadeyalalag.com\/wp-content\/uploads\/2021\/12\/VESTIDO-ROMBOS-BLANCO-CON-BOLSOS-MULTICOLOR.png","contentUrl":"https:\/\/laespigadeyalalag.com\/wp-content\/uploads\/2021\/12\/VESTIDO-ROMBOS-BLANCO-CON-BOLSOS-MULTICOLOR.png","width":800,"height":800},{"@type":"WebPage","@id":"https:\/\/laespigadeyalalag.com\/index.php\/product\/vestido-rombos-blanco-con-bolsos-y-bordado-floral-de-algodn-multicolor\/#webpage","url":"https:\/\/laespigadeyalalag.com\/index.php\/product\/vestido-rombos-blanco-con-bolsos-y-bordado-floral-de-algodn-multicolor\/","name":"Vestido rombos blanco con bolsos y bordado floral de algod\u00f3n multicolor - La Espiga de Yal\u00e1lag","isPartOf":{"@id":"https:\/\/laespigadeyalalag.com\/#website"},"primaryImageOfPage":{"@id":"https:\/\/laespigadeyalalag.com\/index.php\/product\/vestido-rombos-blanco-con-bolsos-y-bordado-floral-de-algodn-multicolor\/#primaryimage"},"datePublished":"2021-12-29T16:23:16+00:00","dateModified":"2025-07-18T21:25:12+00:00","breadcrumb":{"@id":"https:\/\/laespigadeyalalag.com\/index.php\/product\/vestido-rombos-blanco-con-bolsos-y-bordado-floral-de-algodn-multicolor\/#breadcrumb"},"inLanguage":"es","potentialAction":[{"@type":"ReadAction","target":["https:\/\/laespigadeyalalag.com\/index.php\/product\/vestido-rombos-blanco-con-bolsos-y-bordado-floral-de-algodn-multicolor\/"]}]},{"@type":"BreadcrumbList","@id":"https:\/\/laespigadeyalalag.com\/index.php\/product\/vestido-rombos-blanco-con-bolsos-y-bordado-floral-de-algodn-multicolor\/#breadcrumb","itemListElement":[{"@type":"ListItem","position":1,"name":"Inicio","item":"https:\/\/laespigadeyalalag.com\/"},{"@type":"ListItem","position":2,"name":"Tienda","item":"https:\/\/laespigadeyalalag.com\/index.php\/tienda\/"},{"@type":"ListItem","position":3,"name":"Vestido rombos blanco con bolsos y bordado floral de algod\u00f3n multicolor"}]}]}},"_links":{"self":[{"href":"https:\/\/laespigadeyalalag.com\/index.php\/wp-json\/wp\/v2\/product\/2563","targetHints":{"allow":["GET"]}}],"collection":[{"href":"https:\/\/laespigadeyalalag.com\/index.php\/wp-json\/wp\/v2\/product"}],"about":[{"href":"https:\/\/laespigadeyalalag.com\/index.php\/wp-json\/wp\/v2\/types\/product"}],"replies":[{"embeddable":true,"href":"https:\/\/laespigadeyalalag.com\/index.php\/wp-json\/wp\/v2\/comments?post=2563"}],"wp:featuredmedia":[{"embeddable":true,"href":"https:\/\/laespigadeyalalag.com\/index.php\/wp-json\/wp\/v2\/media\/3396"}],"wp:attachment":[{"href":"https:\/\/laespigadeyalalag.com\/index.php\/wp-json\/wp\/v2\/media?parent=2563"}],"wp:term":[{"taxonomy":"product_cat","embeddable":true,"href":"https:\/\/laespigadeyalalag.com\/index.php\/wp-json\/wp\/v2\/product_cat?post=2563"},{"taxonomy":"product_tag","embeddable":true,"href":"https:\/\/laespigadeyalalag.com\/index.php\/wp-json\/wp\/v2\/product_tag?post=2563"}],"curies":[{"name":"wp","href":"https:\/\/api.w.org\/{rel}","templated":true}]}}