{"id":2556,"date":"2021-12-29T10:23:15","date_gmt":"2021-12-29T16:23:15","guid":{"rendered":"https:\/\/laespigadeyalalag.com\/index.php\/product\/blusa-espiga-azul-marino-bordado-de-seda-blanco\/"},"modified":"2025-08-17T16:52:30","modified_gmt":"2025-08-17T22:52:30","slug":"blusa-espiga-azul-marino-bordado-de-seda-blanco","status":"publish","type":"product","link":"https:\/\/laespigadeyalalag.com\/index.php\/product\/blusa-espiga-azul-marino-bordado-de-seda-blanco\/","title":{"rendered":"Blusa Espiga azul marino bordado de seda blanco"},"content":{"rendered":"<p>La blusa Espiga de manga corta de bordado floral realizado con aguja de mano e hilos de seda en talle delantero, esta confeccionada de manera tal, que aporte comodidad y tenga un alto grado utilitario acompa\u00f1ado de versatilidad; realizada artesanalmente con tela de manta 100% algod\u00f3n se encuentra enriquecida con una aplicaci\u00f3n a la altura de la l\u00ednea del busto de la \u00fanica y representativa espiga de la comunidad Yalalteca.<\/p>\n<p><img loading=\"lazy\" decoding=\"async\" class=\"alignnone size-full wp-image-2264\" src=\"https:\/\/laespigadeyalalag.com\/wp-content\/uploads\/2021\/11\/tabla-medidas-huipil-blusa.png\" alt=\"\" width=\"1080\" height=\"1080\" srcset=\"https:\/\/laespigadeyalalag.com\/wp-content\/uploads\/2021\/11\/tabla-medidas-huipil-blusa.png 1080w, https:\/\/laespigadeyalalag.com\/wp-content\/uploads\/2021\/11\/tabla-medidas-huipil-blusa-300x300.png 300w, https:\/\/laespigadeyalalag.com\/wp-content\/uploads\/2021\/11\/tabla-medidas-huipil-blusa-1000x1000.png 1000w\" sizes=\"auto, (max-width: 1080px) 100vw, 1080px\" \/><\/p>\n","protected":false},"excerpt":{"rendered":"<p>La blusa Espiga de manga corta de bordado floral realizado con aguja de mano e hilos de seda en talle delantero, esta confeccionada de manera tal,<span class=\"excerpt-hellip\"> [\u2026]<\/span><\/p>\n","protected":false},"featured_media":3297,"comment_status":"open","ping_status":"closed","template":"","meta":[],"product_cat":[210,135],"product_tag":[],"class_list":["post-2556","product","type-product","status-publish","has-post-thumbnail","hentry","product_cat-blusa-espiga","product_cat-blusas"],"yoast_head":"<!-- This site is optimized with the Yoast SEO plugin v18.8 - https:\/\/yoast.com\/wordpress\/plugins\/seo\/ -->\n<title>Blusa Espiga azul marino bordado de seda blanco - La Espiga de Yal\u00e1lag<\/title>\n<meta name=\"robots\" content=\"index, follow, max-snippet:-1, max-image-preview:large, max-video-preview:-1\" \/>\n<link rel=\"canonical\" href=\"https:\/\/laespigadeyalalag.com\/index.php\/product\/blusa-espiga-azul-marino-bordado-de-seda-blanco\/\" \/>\n<meta property=\"og:locale\" content=\"es_MX\" \/>\n<meta property=\"og:type\" content=\"article\" \/>\n<meta property=\"og:title\" content=\"Blusa Espiga azul marino bordado de seda blanco - La Espiga de Yal\u00e1lag\" \/>\n<meta property=\"og:description\" content=\"La blusa Espiga de manga corta de bordado floral realizado con aguja de mano e hilos de seda en talle delantero, esta confeccionada de manera tal, [\u2026]\" \/>\n<meta property=\"og:url\" content=\"https:\/\/laespigadeyalalag.com\/index.php\/product\/blusa-espiga-azul-marino-bordado-de-seda-blanco\/\" \/>\n<meta property=\"og:site_name\" content=\"La Espiga de Yal\u00e1lag\" \/>\n<meta property=\"article:modified_time\" content=\"2025-08-17T22:52:30+00:00\" \/>\n<meta property=\"og:image\" content=\"https:\/\/laespigadeyalalag.com\/wp-content\/uploads\/2021\/12\/BLUSA-ESPIGA-AZUL-MARINO-BLANCO1.png\" \/>\n\t<meta property=\"og:image:width\" content=\"800\" \/>\n\t<meta property=\"og:image:height\" content=\"800\" \/>\n\t<meta property=\"og:image:type\" content=\"image\/png\" \/>\n<meta name=\"twitter:card\" content=\"summary_large_image\" \/>\n<meta name=\"twitter:label1\" content=\"Tiempo de lectura\" \/>\n\t<meta name=\"twitter:data1\" content=\"1 minuto\" \/>\n<script type=\"application\/ld+json\" class=\"yoast-schema-graph\">{\"@context\":\"https:\/\/schema.org\",\"@graph\":[{\"@type\":\"WebSite\",\"@id\":\"https:\/\/laespigadeyalalag.com\/#website\",\"url\":\"https:\/\/laespigadeyalalag.com\/\",\"name\":\"La Espiga de Yal\u00e1lag\",\"description\":\"Tradiciones Bordadas a Mano\",\"potentialAction\":[{\"@type\":\"SearchAction\",\"target\":{\"@type\":\"EntryPoint\",\"urlTemplate\":\"https:\/\/laespigadeyalalag.com\/?s={search_term_string}\"},\"query-input\":\"required name=search_term_string\"}],\"inLanguage\":\"es\"},{\"@type\":\"ImageObject\",\"inLanguage\":\"es\",\"@id\":\"https:\/\/laespigadeyalalag.com\/index.php\/product\/blusa-espiga-azul-marino-bordado-de-seda-blanco\/#primaryimage\",\"url\":\"https:\/\/laespigadeyalalag.com\/wp-content\/uploads\/2021\/12\/BLUSA-ESPIGA-AZUL-MARINO-BLANCO1.png\",\"contentUrl\":\"https:\/\/laespigadeyalalag.com\/wp-content\/uploads\/2021\/12\/BLUSA-ESPIGA-AZUL-MARINO-BLANCO1.png\",\"width\":800,\"height\":800},{\"@type\":\"WebPage\",\"@id\":\"https:\/\/laespigadeyalalag.com\/index.php\/product\/blusa-espiga-azul-marino-bordado-de-seda-blanco\/#webpage\",\"url\":\"https:\/\/laespigadeyalalag.com\/index.php\/product\/blusa-espiga-azul-marino-bordado-de-seda-blanco\/\",\"name\":\"Blusa Espiga azul marino bordado de seda blanco - La Espiga de Yal\u00e1lag\",\"isPartOf\":{\"@id\":\"https:\/\/laespigadeyalalag.com\/#website\"},\"primaryImageOfPage\":{\"@id\":\"https:\/\/laespigadeyalalag.com\/index.php\/product\/blusa-espiga-azul-marino-bordado-de-seda-blanco\/#primaryimage\"},\"datePublished\":\"2021-12-29T16:23:15+00:00\",\"dateModified\":\"2025-08-17T22:52:30+00:00\",\"breadcrumb\":{\"@id\":\"https:\/\/laespigadeyalalag.com\/index.php\/product\/blusa-espiga-azul-marino-bordado-de-seda-blanco\/#breadcrumb\"},\"inLanguage\":\"es\",\"potentialAction\":[{\"@type\":\"ReadAction\",\"target\":[\"https:\/\/laespigadeyalalag.com\/index.php\/product\/blusa-espiga-azul-marino-bordado-de-seda-blanco\/\"]}]},{\"@type\":\"BreadcrumbList\",\"@id\":\"https:\/\/laespigadeyalalag.com\/index.php\/product\/blusa-espiga-azul-marino-bordado-de-seda-blanco\/#breadcrumb\",\"itemListElement\":[{\"@type\":\"ListItem\",\"position\":1,\"name\":\"Inicio\",\"item\":\"https:\/\/laespigadeyalalag.com\/\"},{\"@type\":\"ListItem\",\"position\":2,\"name\":\"Tienda\",\"item\":\"https:\/\/laespigadeyalalag.com\/index.php\/tienda\/\"},{\"@type\":\"ListItem\",\"position\":3,\"name\":\"Blusa Espiga azul marino bordado de seda blanco\"}]}]}<\/script>\n<!-- \/ Yoast SEO plugin. -->","yoast_head_json":{"title":"Blusa Espiga azul marino bordado de seda blanco - La Espiga de Yal\u00e1lag","robots":{"index":"index","follow":"follow","max-snippet":"max-snippet:-1","max-image-preview":"max-image-preview:large","max-video-preview":"max-video-preview:-1"},"canonical":"https:\/\/laespigadeyalalag.com\/index.php\/product\/blusa-espiga-azul-marino-bordado-de-seda-blanco\/","og_locale":"es_MX","og_type":"article","og_title":"Blusa Espiga azul marino bordado de seda blanco - La Espiga de Yal\u00e1lag","og_description":"La blusa Espiga de manga corta de bordado floral realizado con aguja de mano e hilos de seda en talle delantero, esta confeccionada de manera tal, [\u2026]","og_url":"https:\/\/laespigadeyalalag.com\/index.php\/product\/blusa-espiga-azul-marino-bordado-de-seda-blanco\/","og_site_name":"La Espiga de Yal\u00e1lag","article_modified_time":"2025-08-17T22:52:30+00:00","og_image":[{"width":800,"height":800,"url":"https:\/\/laespigadeyalalag.com\/wp-content\/uploads\/2021\/12\/BLUSA-ESPIGA-AZUL-MARINO-BLANCO1.png","type":"image\/png"}],"twitter_card":"summary_large_image","twitter_misc":{"Tiempo de lectura":"1 minuto"},"schema":{"@context":"https:\/\/schema.org","@graph":[{"@type":"WebSite","@id":"https:\/\/laespigadeyalalag.com\/#website","url":"https:\/\/laespigadeyalalag.com\/","name":"La Espiga de Yal\u00e1lag","description":"Tradiciones Bordadas a Mano","potentialAction":[{"@type":"SearchAction","target":{"@type":"EntryPoint","urlTemplate":"https:\/\/laespigadeyalalag.com\/?s={search_term_string}"},"query-input":"required name=search_term_string"}],"inLanguage":"es"},{"@type":"ImageObject","inLanguage":"es","@id":"https:\/\/laespigadeyalalag.com\/index.php\/product\/blusa-espiga-azul-marino-bordado-de-seda-blanco\/#primaryimage","url":"https:\/\/laespigadeyalalag.com\/wp-content\/uploads\/2021\/12\/BLUSA-ESPIGA-AZUL-MARINO-BLANCO1.png","contentUrl":"https:\/\/laespigadeyalalag.com\/wp-content\/uploads\/2021\/12\/BLUSA-ESPIGA-AZUL-MARINO-BLANCO1.png","width":800,"height":800},{"@type":"WebPage","@id":"https:\/\/laespigadeyalalag.com\/index.php\/product\/blusa-espiga-azul-marino-bordado-de-seda-blanco\/#webpage","url":"https:\/\/laespigadeyalalag.com\/index.php\/product\/blusa-espiga-azul-marino-bordado-de-seda-blanco\/","name":"Blusa Espiga azul marino bordado de seda blanco - La Espiga de Yal\u00e1lag","isPartOf":{"@id":"https:\/\/laespigadeyalalag.com\/#website"},"primaryImageOfPage":{"@id":"https:\/\/laespigadeyalalag.com\/index.php\/product\/blusa-espiga-azul-marino-bordado-de-seda-blanco\/#primaryimage"},"datePublished":"2021-12-29T16:23:15+00:00","dateModified":"2025-08-17T22:52:30+00:00","breadcrumb":{"@id":"https:\/\/laespigadeyalalag.com\/index.php\/product\/blusa-espiga-azul-marino-bordado-de-seda-blanco\/#breadcrumb"},"inLanguage":"es","potentialAction":[{"@type":"ReadAction","target":["https:\/\/laespigadeyalalag.com\/index.php\/product\/blusa-espiga-azul-marino-bordado-de-seda-blanco\/"]}]},{"@type":"BreadcrumbList","@id":"https:\/\/laespigadeyalalag.com\/index.php\/product\/blusa-espiga-azul-marino-bordado-de-seda-blanco\/#breadcrumb","itemListElement":[{"@type":"ListItem","position":1,"name":"Inicio","item":"https:\/\/laespigadeyalalag.com\/"},{"@type":"ListItem","position":2,"name":"Tienda","item":"https:\/\/laespigadeyalalag.com\/index.php\/tienda\/"},{"@type":"ListItem","position":3,"name":"Blusa Espiga azul marino bordado de seda blanco"}]}]}},"_links":{"self":[{"href":"https:\/\/laespigadeyalalag.com\/index.php\/wp-json\/wp\/v2\/product\/2556","targetHints":{"allow":["GET"]}}],"collection":[{"href":"https:\/\/laespigadeyalalag.com\/index.php\/wp-json\/wp\/v2\/product"}],"about":[{"href":"https:\/\/laespigadeyalalag.com\/index.php\/wp-json\/wp\/v2\/types\/product"}],"replies":[{"embeddable":true,"href":"https:\/\/laespigadeyalalag.com\/index.php\/wp-json\/wp\/v2\/comments?post=2556"}],"wp:featuredmedia":[{"embeddable":true,"href":"https:\/\/laespigadeyalalag.com\/index.php\/wp-json\/wp\/v2\/media\/3297"}],"wp:attachment":[{"href":"https:\/\/laespigadeyalalag.com\/index.php\/wp-json\/wp\/v2\/media?parent=2556"}],"wp:term":[{"taxonomy":"product_cat","embeddable":true,"href":"https:\/\/laespigadeyalalag.com\/index.php\/wp-json\/wp\/v2\/product_cat?post=2556"},{"taxonomy":"product_tag","embeddable":true,"href":"https:\/\/laespigadeyalalag.com\/index.php\/wp-json\/wp\/v2\/product_tag?post=2556"}],"curies":[{"name":"wp","href":"https:\/\/api.w.org\/{rel}","templated":true}]}}