{"id":2517,"date":"2021-12-29T10:23:07","date_gmt":"2021-12-29T16:23:07","guid":{"rendered":"https:\/\/laespigadeyalalag.com\/index.php\/product\/huipil-verde-olivo-con-bordado-floral-de-seda-blanco\/"},"modified":"2024-07-20T20:28:35","modified_gmt":"2024-07-21T02:28:35","slug":"huipil-verde-olivo-con-bordado-floral-de-seda-blanco","status":"publish","type":"product","link":"https:\/\/laespigadeyalalag.com\/index.php\/product\/huipil-verde-olivo-con-bordado-floral-de-seda-blanco\/","title":{"rendered":"Huipil Verde Olivo Con Bordado Floral De Seda  Blanco"},"content":{"rendered":"<p>Nuestro huipil de elaboraci\u00f3n artesanal con bordado floral, de corte tradicional recto y ancho est\u00e1 confeccionada de manera tal, que aporte comodidad debido a su amplitud y estilo; realizado con tela de manta 100% algod\u00f3n y bordado en delantero, espalda y laterales, con aguja de mano e hilos de algod\u00f3n o seda mercerizado; cuenta con la aplicaci\u00f3n en delantero y espalda de la \u00fanica y representativa trenza de la comunidad Yalalteca, la cual esta hecha manualmente con hilos de nylon.<\/p>\n","protected":false},"excerpt":{"rendered":"<p>146 DE CONTORNO X 107 DE LARGO<\/p>\n","protected":false},"featured_media":3365,"comment_status":"open","ping_status":"closed","template":"","meta":[],"product_cat":[215,206],"product_tag":[],"class_list":["post-2517","product","type-product","status-publish","has-post-thumbnail","hentry","product_cat-huipil-bordado-floral","product_cat-huipiles"],"yoast_head":"<!-- This site is optimized with the Yoast SEO plugin v18.8 - https:\/\/yoast.com\/wordpress\/plugins\/seo\/ -->\n<title>Huipil Verde Olivo Con Bordado Floral De Seda Blanco - La Espiga de Yal\u00e1lag<\/title>\n<meta name=\"robots\" content=\"index, follow, max-snippet:-1, max-image-preview:large, max-video-preview:-1\" \/>\n<link rel=\"canonical\" href=\"https:\/\/laespigadeyalalag.com\/index.php\/product\/huipil-verde-olivo-con-bordado-floral-de-seda-blanco\/\" \/>\n<meta property=\"og:locale\" content=\"es_MX\" \/>\n<meta property=\"og:type\" content=\"article\" \/>\n<meta property=\"og:title\" content=\"Huipil Verde Olivo Con Bordado Floral De Seda Blanco - La Espiga de Yal\u00e1lag\" \/>\n<meta property=\"og:description\" content=\"146 DE CONTORNO X 107 DE LARGO\" \/>\n<meta property=\"og:url\" content=\"https:\/\/laespigadeyalalag.com\/index.php\/product\/huipil-verde-olivo-con-bordado-floral-de-seda-blanco\/\" \/>\n<meta property=\"og:site_name\" content=\"La Espiga de Yal\u00e1lag\" \/>\n<meta property=\"article:modified_time\" content=\"2024-07-21T02:28:35+00:00\" \/>\n<meta property=\"og:image\" content=\"https:\/\/laespigadeyalalag.com\/wp-content\/uploads\/2021\/12\/HMF12-1-U.png\" \/>\n\t<meta property=\"og:image:width\" content=\"800\" \/>\n\t<meta property=\"og:image:height\" content=\"800\" \/>\n\t<meta property=\"og:image:type\" content=\"image\/png\" \/>\n<meta name=\"twitter:card\" content=\"summary_large_image\" \/>\n<meta name=\"twitter:label1\" content=\"Tiempo de lectura\" \/>\n\t<meta name=\"twitter:data1\" content=\"1 minuto\" \/>\n<script type=\"application\/ld+json\" class=\"yoast-schema-graph\">{\"@context\":\"https:\/\/schema.org\",\"@graph\":[{\"@type\":\"WebSite\",\"@id\":\"https:\/\/laespigadeyalalag.com\/#website\",\"url\":\"https:\/\/laespigadeyalalag.com\/\",\"name\":\"La Espiga de Yal\u00e1lag\",\"description\":\"Tradiciones Bordadas a Mano\",\"potentialAction\":[{\"@type\":\"SearchAction\",\"target\":{\"@type\":\"EntryPoint\",\"urlTemplate\":\"https:\/\/laespigadeyalalag.com\/?s={search_term_string}\"},\"query-input\":\"required name=search_term_string\"}],\"inLanguage\":\"es\"},{\"@type\":\"ImageObject\",\"inLanguage\":\"es\",\"@id\":\"https:\/\/laespigadeyalalag.com\/index.php\/product\/huipil-verde-olivo-con-bordado-floral-de-seda-blanco\/#primaryimage\",\"url\":\"https:\/\/laespigadeyalalag.com\/wp-content\/uploads\/2021\/12\/HMF12-1-U.png\",\"contentUrl\":\"https:\/\/laespigadeyalalag.com\/wp-content\/uploads\/2021\/12\/HMF12-1-U.png\",\"width\":800,\"height\":800},{\"@type\":\"WebPage\",\"@id\":\"https:\/\/laespigadeyalalag.com\/index.php\/product\/huipil-verde-olivo-con-bordado-floral-de-seda-blanco\/#webpage\",\"url\":\"https:\/\/laespigadeyalalag.com\/index.php\/product\/huipil-verde-olivo-con-bordado-floral-de-seda-blanco\/\",\"name\":\"Huipil Verde Olivo Con Bordado Floral De Seda Blanco - La Espiga de Yal\u00e1lag\",\"isPartOf\":{\"@id\":\"https:\/\/laespigadeyalalag.com\/#website\"},\"primaryImageOfPage\":{\"@id\":\"https:\/\/laespigadeyalalag.com\/index.php\/product\/huipil-verde-olivo-con-bordado-floral-de-seda-blanco\/#primaryimage\"},\"datePublished\":\"2021-12-29T16:23:07+00:00\",\"dateModified\":\"2024-07-21T02:28:35+00:00\",\"breadcrumb\":{\"@id\":\"https:\/\/laespigadeyalalag.com\/index.php\/product\/huipil-verde-olivo-con-bordado-floral-de-seda-blanco\/#breadcrumb\"},\"inLanguage\":\"es\",\"potentialAction\":[{\"@type\":\"ReadAction\",\"target\":[\"https:\/\/laespigadeyalalag.com\/index.php\/product\/huipil-verde-olivo-con-bordado-floral-de-seda-blanco\/\"]}]},{\"@type\":\"BreadcrumbList\",\"@id\":\"https:\/\/laespigadeyalalag.com\/index.php\/product\/huipil-verde-olivo-con-bordado-floral-de-seda-blanco\/#breadcrumb\",\"itemListElement\":[{\"@type\":\"ListItem\",\"position\":1,\"name\":\"Inicio\",\"item\":\"https:\/\/laespigadeyalalag.com\/\"},{\"@type\":\"ListItem\",\"position\":2,\"name\":\"Tienda\",\"item\":\"https:\/\/laespigadeyalalag.com\/index.php\/tienda\/\"},{\"@type\":\"ListItem\",\"position\":3,\"name\":\"Huipil Verde Olivo Con Bordado Floral De Seda Blanco\"}]}]}<\/script>\n<!-- \/ Yoast SEO plugin. -->","yoast_head_json":{"title":"Huipil Verde Olivo Con Bordado Floral De Seda Blanco - La Espiga de Yal\u00e1lag","robots":{"index":"index","follow":"follow","max-snippet":"max-snippet:-1","max-image-preview":"max-image-preview:large","max-video-preview":"max-video-preview:-1"},"canonical":"https:\/\/laespigadeyalalag.com\/index.php\/product\/huipil-verde-olivo-con-bordado-floral-de-seda-blanco\/","og_locale":"es_MX","og_type":"article","og_title":"Huipil Verde Olivo Con Bordado Floral De Seda Blanco - La Espiga de Yal\u00e1lag","og_description":"146 DE CONTORNO X 107 DE LARGO","og_url":"https:\/\/laespigadeyalalag.com\/index.php\/product\/huipil-verde-olivo-con-bordado-floral-de-seda-blanco\/","og_site_name":"La Espiga de Yal\u00e1lag","article_modified_time":"2024-07-21T02:28:35+00:00","og_image":[{"width":800,"height":800,"url":"https:\/\/laespigadeyalalag.com\/wp-content\/uploads\/2021\/12\/HMF12-1-U.png","type":"image\/png"}],"twitter_card":"summary_large_image","twitter_misc":{"Tiempo de lectura":"1 minuto"},"schema":{"@context":"https:\/\/schema.org","@graph":[{"@type":"WebSite","@id":"https:\/\/laespigadeyalalag.com\/#website","url":"https:\/\/laespigadeyalalag.com\/","name":"La Espiga de Yal\u00e1lag","description":"Tradiciones Bordadas a Mano","potentialAction":[{"@type":"SearchAction","target":{"@type":"EntryPoint","urlTemplate":"https:\/\/laespigadeyalalag.com\/?s={search_term_string}"},"query-input":"required name=search_term_string"}],"inLanguage":"es"},{"@type":"ImageObject","inLanguage":"es","@id":"https:\/\/laespigadeyalalag.com\/index.php\/product\/huipil-verde-olivo-con-bordado-floral-de-seda-blanco\/#primaryimage","url":"https:\/\/laespigadeyalalag.com\/wp-content\/uploads\/2021\/12\/HMF12-1-U.png","contentUrl":"https:\/\/laespigadeyalalag.com\/wp-content\/uploads\/2021\/12\/HMF12-1-U.png","width":800,"height":800},{"@type":"WebPage","@id":"https:\/\/laespigadeyalalag.com\/index.php\/product\/huipil-verde-olivo-con-bordado-floral-de-seda-blanco\/#webpage","url":"https:\/\/laespigadeyalalag.com\/index.php\/product\/huipil-verde-olivo-con-bordado-floral-de-seda-blanco\/","name":"Huipil Verde Olivo Con Bordado Floral De Seda Blanco - La Espiga de Yal\u00e1lag","isPartOf":{"@id":"https:\/\/laespigadeyalalag.com\/#website"},"primaryImageOfPage":{"@id":"https:\/\/laespigadeyalalag.com\/index.php\/product\/huipil-verde-olivo-con-bordado-floral-de-seda-blanco\/#primaryimage"},"datePublished":"2021-12-29T16:23:07+00:00","dateModified":"2024-07-21T02:28:35+00:00","breadcrumb":{"@id":"https:\/\/laespigadeyalalag.com\/index.php\/product\/huipil-verde-olivo-con-bordado-floral-de-seda-blanco\/#breadcrumb"},"inLanguage":"es","potentialAction":[{"@type":"ReadAction","target":["https:\/\/laespigadeyalalag.com\/index.php\/product\/huipil-verde-olivo-con-bordado-floral-de-seda-blanco\/"]}]},{"@type":"BreadcrumbList","@id":"https:\/\/laespigadeyalalag.com\/index.php\/product\/huipil-verde-olivo-con-bordado-floral-de-seda-blanco\/#breadcrumb","itemListElement":[{"@type":"ListItem","position":1,"name":"Inicio","item":"https:\/\/laespigadeyalalag.com\/"},{"@type":"ListItem","position":2,"name":"Tienda","item":"https:\/\/laespigadeyalalag.com\/index.php\/tienda\/"},{"@type":"ListItem","position":3,"name":"Huipil Verde Olivo Con Bordado Floral De Seda Blanco"}]}]}},"_links":{"self":[{"href":"https:\/\/laespigadeyalalag.com\/index.php\/wp-json\/wp\/v2\/product\/2517","targetHints":{"allow":["GET"]}}],"collection":[{"href":"https:\/\/laespigadeyalalag.com\/index.php\/wp-json\/wp\/v2\/product"}],"about":[{"href":"https:\/\/laespigadeyalalag.com\/index.php\/wp-json\/wp\/v2\/types\/product"}],"replies":[{"embeddable":true,"href":"https:\/\/laespigadeyalalag.com\/index.php\/wp-json\/wp\/v2\/comments?post=2517"}],"wp:featuredmedia":[{"embeddable":true,"href":"https:\/\/laespigadeyalalag.com\/index.php\/wp-json\/wp\/v2\/media\/3365"}],"wp:attachment":[{"href":"https:\/\/laespigadeyalalag.com\/index.php\/wp-json\/wp\/v2\/media?parent=2517"}],"wp:term":[{"taxonomy":"product_cat","embeddable":true,"href":"https:\/\/laespigadeyalalag.com\/index.php\/wp-json\/wp\/v2\/product_cat?post=2517"},{"taxonomy":"product_tag","embeddable":true,"href":"https:\/\/laespigadeyalalag.com\/index.php\/wp-json\/wp\/v2\/product_tag?post=2517"}],"curies":[{"name":"wp","href":"https:\/\/api.w.org\/{rel}","templated":true}]}}