{"id":2504,"date":"2021-12-29T10:23:04","date_gmt":"2021-12-29T16:23:04","guid":{"rendered":"https:\/\/laespigadeyalalag.com\/index.php\/product\/blusa-huipil-coralillo-negro-con-bordado-de-algodn-multicolor\/"},"modified":"2025-09-06T22:20:31","modified_gmt":"2025-09-07T04:20:31","slug":"blusa-huipil-coralillo-negro-con-bordado-de-algodn-multicolor","status":"publish","type":"product","link":"https:\/\/laespigadeyalalag.com\/index.php\/product\/blusa-huipil-coralillo-negro-con-bordado-de-algodn-multicolor\/","title":{"rendered":"Blusa Huipil Coralillo Negro Con Bordado De Algod\u00f3n Multicolor"},"content":{"rendered":"<p>Nuestra blusa Huipil de elaboraci\u00f3n artesanal con bordado de nombre coralillo el cual esta directamente relacionado con la leyenda que da origen al traje ancestral Yalalteco, es de corte tradicional recto, esta confeccionada de manera tal, que aporte comodidad y estilo; realizada con tela de manta 100% algod\u00f3n y bordada en delantero, espalda y laterales, con aguja de mano e hilos de algod\u00f3n mercerizado; cuenta con la aplicaci\u00f3n en delantero y espalda de la ?nica y representativa trenza de la comunidad Yalalteca, la cual esta hecha manualmente con hilos de nylon.<\/p>\n<p><img loading=\"lazy\" decoding=\"async\" class=\"alignnone size-full wp-image-2264\" src=\"https:\/\/laespigadeyalalag.com\/wp-content\/uploads\/2021\/11\/tabla-medidas-huipil-blusa.png\" alt=\"\" width=\"1080\" height=\"1080\" srcset=\"https:\/\/laespigadeyalalag.com\/wp-content\/uploads\/2021\/11\/tabla-medidas-huipil-blusa.png 1080w, https:\/\/laespigadeyalalag.com\/wp-content\/uploads\/2021\/11\/tabla-medidas-huipil-blusa-300x300.png 300w, https:\/\/laespigadeyalalag.com\/wp-content\/uploads\/2021\/11\/tabla-medidas-huipil-blusa-1000x1000.png 1000w\" sizes=\"auto, (max-width: 1080px) 100vw, 1080px\" \/><\/p>\n","protected":false},"excerpt":{"rendered":"<p>El orden de los hilos del bordado pueden variar, sin alterar el resultado ni la calidad final.<\/p>\n","protected":false},"featured_media":3256,"comment_status":"open","ping_status":"closed","template":"","meta":[],"product_cat":[209,135],"product_tag":[],"class_list":["post-2504","product","type-product","status-publish","has-post-thumbnail","hentry","product_cat-blusa-huipil-con-bordado-coralillo","product_cat-blusas"],"yoast_head":"<!-- This site is optimized with the Yoast SEO plugin v18.8 - https:\/\/yoast.com\/wordpress\/plugins\/seo\/ -->\n<title>Blusa Huipil Coralillo Negro Con Bordado De Algod\u00f3n Multicolor - La Espiga de Yal\u00e1lag<\/title>\n<meta name=\"robots\" content=\"index, follow, max-snippet:-1, max-image-preview:large, max-video-preview:-1\" \/>\n<link rel=\"canonical\" href=\"https:\/\/laespigadeyalalag.com\/index.php\/product\/blusa-huipil-coralillo-negro-con-bordado-de-algodn-multicolor\/\" \/>\n<meta property=\"og:locale\" content=\"es_MX\" \/>\n<meta property=\"og:type\" content=\"article\" \/>\n<meta property=\"og:title\" content=\"Blusa Huipil Coralillo Negro Con Bordado De Algod\u00f3n Multicolor - La Espiga de Yal\u00e1lag\" \/>\n<meta property=\"og:description\" content=\"El orden de los hilos del bordado pueden variar, sin alterar el resultado ni la calidad final.\" \/>\n<meta property=\"og:url\" content=\"https:\/\/laespigadeyalalag.com\/index.php\/product\/blusa-huipil-coralillo-negro-con-bordado-de-algodn-multicolor\/\" \/>\n<meta property=\"og:site_name\" content=\"La Espiga de Yal\u00e1lag\" \/>\n<meta property=\"article:modified_time\" content=\"2025-09-07T04:20:31+00:00\" \/>\n<meta property=\"og:image\" content=\"https:\/\/laespigadeyalalag.com\/wp-content\/uploads\/2021\/12\/BLHC2-6BL.png\" \/>\n\t<meta property=\"og:image:width\" content=\"800\" \/>\n\t<meta property=\"og:image:height\" content=\"800\" \/>\n\t<meta property=\"og:image:type\" content=\"image\/png\" \/>\n<meta name=\"twitter:card\" content=\"summary_large_image\" \/>\n<meta name=\"twitter:label1\" content=\"Tiempo de lectura\" \/>\n\t<meta name=\"twitter:data1\" content=\"1 minuto\" \/>\n<script type=\"application\/ld+json\" class=\"yoast-schema-graph\">{\"@context\":\"https:\/\/schema.org\",\"@graph\":[{\"@type\":\"WebSite\",\"@id\":\"https:\/\/laespigadeyalalag.com\/#website\",\"url\":\"https:\/\/laespigadeyalalag.com\/\",\"name\":\"La Espiga de Yal\u00e1lag\",\"description\":\"Tradiciones Bordadas a Mano\",\"potentialAction\":[{\"@type\":\"SearchAction\",\"target\":{\"@type\":\"EntryPoint\",\"urlTemplate\":\"https:\/\/laespigadeyalalag.com\/?s={search_term_string}\"},\"query-input\":\"required name=search_term_string\"}],\"inLanguage\":\"es\"},{\"@type\":\"ImageObject\",\"inLanguage\":\"es\",\"@id\":\"https:\/\/laespigadeyalalag.com\/index.php\/product\/blusa-huipil-coralillo-negro-con-bordado-de-algodn-multicolor\/#primaryimage\",\"url\":\"https:\/\/laespigadeyalalag.com\/wp-content\/uploads\/2021\/12\/BLHC2-6BL.png\",\"contentUrl\":\"https:\/\/laespigadeyalalag.com\/wp-content\/uploads\/2021\/12\/BLHC2-6BL.png\",\"width\":800,\"height\":800},{\"@type\":\"WebPage\",\"@id\":\"https:\/\/laespigadeyalalag.com\/index.php\/product\/blusa-huipil-coralillo-negro-con-bordado-de-algodn-multicolor\/#webpage\",\"url\":\"https:\/\/laespigadeyalalag.com\/index.php\/product\/blusa-huipil-coralillo-negro-con-bordado-de-algodn-multicolor\/\",\"name\":\"Blusa Huipil Coralillo Negro Con Bordado De Algod\u00f3n Multicolor - La Espiga de Yal\u00e1lag\",\"isPartOf\":{\"@id\":\"https:\/\/laespigadeyalalag.com\/#website\"},\"primaryImageOfPage\":{\"@id\":\"https:\/\/laespigadeyalalag.com\/index.php\/product\/blusa-huipil-coralillo-negro-con-bordado-de-algodn-multicolor\/#primaryimage\"},\"datePublished\":\"2021-12-29T16:23:04+00:00\",\"dateModified\":\"2025-09-07T04:20:31+00:00\",\"breadcrumb\":{\"@id\":\"https:\/\/laespigadeyalalag.com\/index.php\/product\/blusa-huipil-coralillo-negro-con-bordado-de-algodn-multicolor\/#breadcrumb\"},\"inLanguage\":\"es\",\"potentialAction\":[{\"@type\":\"ReadAction\",\"target\":[\"https:\/\/laespigadeyalalag.com\/index.php\/product\/blusa-huipil-coralillo-negro-con-bordado-de-algodn-multicolor\/\"]}]},{\"@type\":\"BreadcrumbList\",\"@id\":\"https:\/\/laespigadeyalalag.com\/index.php\/product\/blusa-huipil-coralillo-negro-con-bordado-de-algodn-multicolor\/#breadcrumb\",\"itemListElement\":[{\"@type\":\"ListItem\",\"position\":1,\"name\":\"Inicio\",\"item\":\"https:\/\/laespigadeyalalag.com\/\"},{\"@type\":\"ListItem\",\"position\":2,\"name\":\"Tienda\",\"item\":\"https:\/\/laespigadeyalalag.com\/index.php\/tienda\/\"},{\"@type\":\"ListItem\",\"position\":3,\"name\":\"Blusa Huipil Coralillo Negro Con Bordado De Algod\u00f3n Multicolor\"}]}]}<\/script>\n<!-- \/ Yoast SEO plugin. -->","yoast_head_json":{"title":"Blusa Huipil Coralillo Negro Con Bordado De Algod\u00f3n Multicolor - La Espiga de Yal\u00e1lag","robots":{"index":"index","follow":"follow","max-snippet":"max-snippet:-1","max-image-preview":"max-image-preview:large","max-video-preview":"max-video-preview:-1"},"canonical":"https:\/\/laespigadeyalalag.com\/index.php\/product\/blusa-huipil-coralillo-negro-con-bordado-de-algodn-multicolor\/","og_locale":"es_MX","og_type":"article","og_title":"Blusa Huipil Coralillo Negro Con Bordado De Algod\u00f3n Multicolor - La Espiga de Yal\u00e1lag","og_description":"El orden de los hilos del bordado pueden variar, sin alterar el resultado ni la calidad final.","og_url":"https:\/\/laespigadeyalalag.com\/index.php\/product\/blusa-huipil-coralillo-negro-con-bordado-de-algodn-multicolor\/","og_site_name":"La Espiga de Yal\u00e1lag","article_modified_time":"2025-09-07T04:20:31+00:00","og_image":[{"width":800,"height":800,"url":"https:\/\/laespigadeyalalag.com\/wp-content\/uploads\/2021\/12\/BLHC2-6BL.png","type":"image\/png"}],"twitter_card":"summary_large_image","twitter_misc":{"Tiempo de lectura":"1 minuto"},"schema":{"@context":"https:\/\/schema.org","@graph":[{"@type":"WebSite","@id":"https:\/\/laespigadeyalalag.com\/#website","url":"https:\/\/laespigadeyalalag.com\/","name":"La Espiga de Yal\u00e1lag","description":"Tradiciones Bordadas a Mano","potentialAction":[{"@type":"SearchAction","target":{"@type":"EntryPoint","urlTemplate":"https:\/\/laespigadeyalalag.com\/?s={search_term_string}"},"query-input":"required name=search_term_string"}],"inLanguage":"es"},{"@type":"ImageObject","inLanguage":"es","@id":"https:\/\/laespigadeyalalag.com\/index.php\/product\/blusa-huipil-coralillo-negro-con-bordado-de-algodn-multicolor\/#primaryimage","url":"https:\/\/laespigadeyalalag.com\/wp-content\/uploads\/2021\/12\/BLHC2-6BL.png","contentUrl":"https:\/\/laespigadeyalalag.com\/wp-content\/uploads\/2021\/12\/BLHC2-6BL.png","width":800,"height":800},{"@type":"WebPage","@id":"https:\/\/laespigadeyalalag.com\/index.php\/product\/blusa-huipil-coralillo-negro-con-bordado-de-algodn-multicolor\/#webpage","url":"https:\/\/laespigadeyalalag.com\/index.php\/product\/blusa-huipil-coralillo-negro-con-bordado-de-algodn-multicolor\/","name":"Blusa Huipil Coralillo Negro Con Bordado De Algod\u00f3n Multicolor - La Espiga de Yal\u00e1lag","isPartOf":{"@id":"https:\/\/laespigadeyalalag.com\/#website"},"primaryImageOfPage":{"@id":"https:\/\/laespigadeyalalag.com\/index.php\/product\/blusa-huipil-coralillo-negro-con-bordado-de-algodn-multicolor\/#primaryimage"},"datePublished":"2021-12-29T16:23:04+00:00","dateModified":"2025-09-07T04:20:31+00:00","breadcrumb":{"@id":"https:\/\/laespigadeyalalag.com\/index.php\/product\/blusa-huipil-coralillo-negro-con-bordado-de-algodn-multicolor\/#breadcrumb"},"inLanguage":"es","potentialAction":[{"@type":"ReadAction","target":["https:\/\/laespigadeyalalag.com\/index.php\/product\/blusa-huipil-coralillo-negro-con-bordado-de-algodn-multicolor\/"]}]},{"@type":"BreadcrumbList","@id":"https:\/\/laespigadeyalalag.com\/index.php\/product\/blusa-huipil-coralillo-negro-con-bordado-de-algodn-multicolor\/#breadcrumb","itemListElement":[{"@type":"ListItem","position":1,"name":"Inicio","item":"https:\/\/laespigadeyalalag.com\/"},{"@type":"ListItem","position":2,"name":"Tienda","item":"https:\/\/laespigadeyalalag.com\/index.php\/tienda\/"},{"@type":"ListItem","position":3,"name":"Blusa Huipil Coralillo Negro Con Bordado De Algod\u00f3n Multicolor"}]}]}},"_links":{"self":[{"href":"https:\/\/laespigadeyalalag.com\/index.php\/wp-json\/wp\/v2\/product\/2504","targetHints":{"allow":["GET"]}}],"collection":[{"href":"https:\/\/laespigadeyalalag.com\/index.php\/wp-json\/wp\/v2\/product"}],"about":[{"href":"https:\/\/laespigadeyalalag.com\/index.php\/wp-json\/wp\/v2\/types\/product"}],"replies":[{"embeddable":true,"href":"https:\/\/laespigadeyalalag.com\/index.php\/wp-json\/wp\/v2\/comments?post=2504"}],"wp:featuredmedia":[{"embeddable":true,"href":"https:\/\/laespigadeyalalag.com\/index.php\/wp-json\/wp\/v2\/media\/3256"}],"wp:attachment":[{"href":"https:\/\/laespigadeyalalag.com\/index.php\/wp-json\/wp\/v2\/media?parent=2504"}],"wp:term":[{"taxonomy":"product_cat","embeddable":true,"href":"https:\/\/laespigadeyalalag.com\/index.php\/wp-json\/wp\/v2\/product_cat?post=2504"},{"taxonomy":"product_tag","embeddable":true,"href":"https:\/\/laespigadeyalalag.com\/index.php\/wp-json\/wp\/v2\/product_tag?post=2504"}],"curies":[{"name":"wp","href":"https:\/\/api.w.org\/{rel}","templated":true}]}}